{"id":1599,"date":"2025-05-17T10:28:02","date_gmt":"2025-05-17T10:28:02","guid":{"rendered":"https:\/\/loveeno.com\/?post_type=product&#038;p=1599"},"modified":"2025-11-07T07:48:51","modified_gmt":"2025-11-07T07:48:51","slug":"aroma-olej-sklenena-lahev-zavesny-osvezovac-vzduchu-do-auta","status":"publish","type":"product","link":"https:\/\/loveeno.com\/cs\/product\/aroma-olej-sklenena-lahev-zavesny-osvezovac-vzduchu-do-auta\/","title":{"rendered":"Aroma olej Sklen\u011bn\u00e1 l\u00e1hev Z\u00e1v\u011bsn\u00fd osv\u011b\u017eova\u010d vzduchu do auta"},"content":{"rendered":"","protected":false},"excerpt":{"rendered":"","protected":false},"featured_media":4830,"comment_status":"open","ping_status":"closed","template":"","meta":{"_seopress_robots_primary_cat":"none","_seopress_titles_title":"","_seopress_titles_desc":"","_seopress_robots_index":""},"product_brand":[],"product_cat":[40],"product_tag":[],"class_list":{"0":"post-1599","1":"product","2":"type-product","3":"status-publish","4":"has-post-thumbnail","6":"product_cat-car-air-freshener","8":"first","9":"instock","10":"shipping-taxable","11":"product-type-simple"},"_links":{"self":[{"href":"https:\/\/loveeno.com\/cs\/wp-json\/wp\/v2\/product\/1599","targetHints":{"allow":["GET"]}}],"collection":[{"href":"https:\/\/loveeno.com\/cs\/wp-json\/wp\/v2\/product"}],"about":[{"href":"https:\/\/loveeno.com\/cs\/wp-json\/wp\/v2\/types\/product"}],"replies":[{"embeddable":true,"href":"https:\/\/loveeno.com\/cs\/wp-json\/wp\/v2\/comments?post=1599"}],"wp:featuredmedia":[{"embeddable":true,"href":"https:\/\/loveeno.com\/cs\/wp-json\/wp\/v2\/media\/4830"}],"wp:attachment":[{"href":"https:\/\/loveeno.com\/cs\/wp-json\/wp\/v2\/media?parent=1599"}],"wp:term":[{"taxonomy":"product_brand","embeddable":true,"href":"https:\/\/loveeno.com\/cs\/wp-json\/wp\/v2\/product_brand?post=1599"},{"taxonomy":"product_cat","embeddable":true,"href":"https:\/\/loveeno.com\/cs\/wp-json\/wp\/v2\/product_cat?post=1599"},{"taxonomy":"product_tag","embeddable":true,"href":"https:\/\/loveeno.com\/cs\/wp-json\/wp\/v2\/product_tag?post=1599"}],"curies":[{"name":"wp","href":"https:\/\/api.w.org\/{rel}","templated":true}]}}