{"id":1667,"date":"2025-05-17T15:46:43","date_gmt":"2025-05-17T15:46:43","guid":{"rendered":"https:\/\/loveeno.com\/?post_type=product&#038;p=1667"},"modified":"2025-05-17T15:46:43","modified_gmt":"2025-05-17T15:46:43","slug":"kvetinova-dekorace-vonna-svicka-z-kristaloveho-kamene","status":"publish","type":"product","link":"https:\/\/loveeno.com\/cs\/product\/kvetinova-dekorace-vonna-svicka-z-kristaloveho-kamene\/","title":{"rendered":"Kv\u011btinov\u00e1 dekorace Vonn\u00e1 sv\u00ed\u010dka z k\u0159i\u0161\u0165\u00e1lov\u00e9ho kamene"},"content":{"rendered":"","protected":false},"excerpt":{"rendered":"","protected":false},"featured_media":1668,"comment_status":"open","ping_status":"closed","template":"","meta":{"_seopress_robots_primary_cat":"","_seopress_titles_title":"","_seopress_titles_desc":"","_seopress_robots_index":""},"product_brand":[],"product_cat":[39],"product_tag":[],"class_list":{"0":"post-1667","1":"product","2":"type-product","3":"status-publish","4":"has-post-thumbnail","6":"product_cat-scented-candles","8":"first","9":"instock","10":"shipping-taxable","11":"product-type-simple"},"_links":{"self":[{"href":"https:\/\/loveeno.com\/cs\/wp-json\/wp\/v2\/product\/1667","targetHints":{"allow":["GET"]}}],"collection":[{"href":"https:\/\/loveeno.com\/cs\/wp-json\/wp\/v2\/product"}],"about":[{"href":"https:\/\/loveeno.com\/cs\/wp-json\/wp\/v2\/types\/product"}],"replies":[{"embeddable":true,"href":"https:\/\/loveeno.com\/cs\/wp-json\/wp\/v2\/comments?post=1667"}],"wp:featuredmedia":[{"embeddable":true,"href":"https:\/\/loveeno.com\/cs\/wp-json\/wp\/v2\/media\/1668"}],"wp:attachment":[{"href":"https:\/\/loveeno.com\/cs\/wp-json\/wp\/v2\/media?parent=1667"}],"wp:term":[{"taxonomy":"product_brand","embeddable":true,"href":"https:\/\/loveeno.com\/cs\/wp-json\/wp\/v2\/product_brand?post=1667"},{"taxonomy":"product_cat","embeddable":true,"href":"https:\/\/loveeno.com\/cs\/wp-json\/wp\/v2\/product_cat?post=1667"},{"taxonomy":"product_tag","embeddable":true,"href":"https:\/\/loveeno.com\/cs\/wp-json\/wp\/v2\/product_tag?post=1667"}],"curies":[{"name":"wp","href":"https:\/\/api.w.org\/{rel}","templated":true}]}}