{"id":1676,"date":"2025-05-17T23:42:55","date_gmt":"2025-05-17T23:42:55","guid":{"rendered":"https:\/\/loveeno.com\/?post_type=product&#038;p=1676"},"modified":"2025-05-17T23:42:55","modified_gmt":"2025-05-17T23:42:55","slug":"100-cisteho-esencialniho-oleje-ze-santaloveho-dreva","status":"publish","type":"product","link":"https:\/\/loveeno.com\/cs\/product\/100-cisteho-esencialniho-oleje-ze-santaloveho-dreva\/","title":{"rendered":"100% \u010cist\u00fd esenci\u00e1ln\u00ed olej ze santalov\u00e9ho d\u0159eva"},"content":{"rendered":"","protected":false},"excerpt":{"rendered":"","protected":false},"featured_media":1677,"comment_status":"open","ping_status":"closed","template":"","meta":{"_seopress_robots_primary_cat":"","_seopress_titles_title":"","_seopress_titles_desc":"","_seopress_robots_index":""},"product_brand":[],"product_cat":[42],"product_tag":[],"class_list":{"0":"post-1676","1":"product","2":"type-product","3":"status-publish","4":"has-post-thumbnail","6":"product_cat-essential-oils","8":"first","9":"instock","10":"shipping-taxable","11":"product-type-simple"},"_links":{"self":[{"href":"https:\/\/loveeno.com\/cs\/wp-json\/wp\/v2\/product\/1676","targetHints":{"allow":["GET"]}}],"collection":[{"href":"https:\/\/loveeno.com\/cs\/wp-json\/wp\/v2\/product"}],"about":[{"href":"https:\/\/loveeno.com\/cs\/wp-json\/wp\/v2\/types\/product"}],"replies":[{"embeddable":true,"href":"https:\/\/loveeno.com\/cs\/wp-json\/wp\/v2\/comments?post=1676"}],"wp:featuredmedia":[{"embeddable":true,"href":"https:\/\/loveeno.com\/cs\/wp-json\/wp\/v2\/media\/1677"}],"wp:attachment":[{"href":"https:\/\/loveeno.com\/cs\/wp-json\/wp\/v2\/media?parent=1676"}],"wp:term":[{"taxonomy":"product_brand","embeddable":true,"href":"https:\/\/loveeno.com\/cs\/wp-json\/wp\/v2\/product_brand?post=1676"},{"taxonomy":"product_cat","embeddable":true,"href":"https:\/\/loveeno.com\/cs\/wp-json\/wp\/v2\/product_cat?post=1676"},{"taxonomy":"product_tag","embeddable":true,"href":"https:\/\/loveeno.com\/cs\/wp-json\/wp\/v2\/product_tag?post=1676"}],"curies":[{"name":"wp","href":"https:\/\/api.w.org\/{rel}","templated":true}]}}