{"id":1694,"date":"2025-05-18T00:17:26","date_gmt":"2025-05-18T00:17:26","guid":{"rendered":"https:\/\/loveeno.com\/?post_type=product&#038;p=1694"},"modified":"2025-05-18T05:32:49","modified_gmt":"2025-05-18T05:32:49","slug":"luxusni-svicky-na-vanocni-oslavy","status":"publish","type":"product","link":"https:\/\/loveeno.com\/cs\/product\/luxusni-svicky-na-vanocni-oslavy\/","title":{"rendered":"Luxusn\u00ed sv\u00ed\u010dky na v\u00e1no\u010dn\u00ed oslavy"},"content":{"rendered":"","protected":false},"excerpt":{"rendered":"","protected":false},"featured_media":1748,"comment_status":"open","ping_status":"closed","template":"","meta":{"_seopress_robots_primary_cat":"","_seopress_titles_title":"","_seopress_titles_desc":"","_seopress_robots_index":""},"product_brand":[],"product_cat":[37],"product_tag":[],"class_list":{"0":"post-1694","1":"product","2":"type-product","3":"status-publish","4":"has-post-thumbnail","6":"product_cat-aroma-gift-set","8":"first","9":"instock","10":"shipping-taxable","11":"product-type-simple"},"_links":{"self":[{"href":"https:\/\/loveeno.com\/cs\/wp-json\/wp\/v2\/product\/1694","targetHints":{"allow":["GET"]}}],"collection":[{"href":"https:\/\/loveeno.com\/cs\/wp-json\/wp\/v2\/product"}],"about":[{"href":"https:\/\/loveeno.com\/cs\/wp-json\/wp\/v2\/types\/product"}],"replies":[{"embeddable":true,"href":"https:\/\/loveeno.com\/cs\/wp-json\/wp\/v2\/comments?post=1694"}],"wp:featuredmedia":[{"embeddable":true,"href":"https:\/\/loveeno.com\/cs\/wp-json\/wp\/v2\/media\/1748"}],"wp:attachment":[{"href":"https:\/\/loveeno.com\/cs\/wp-json\/wp\/v2\/media?parent=1694"}],"wp:term":[{"taxonomy":"product_brand","embeddable":true,"href":"https:\/\/loveeno.com\/cs\/wp-json\/wp\/v2\/product_brand?post=1694"},{"taxonomy":"product_cat","embeddable":true,"href":"https:\/\/loveeno.com\/cs\/wp-json\/wp\/v2\/product_cat?post=1694"},{"taxonomy":"product_tag","embeddable":true,"href":"https:\/\/loveeno.com\/cs\/wp-json\/wp\/v2\/product_tag?post=1694"}],"curies":[{"name":"wp","href":"https:\/\/api.w.org\/{rel}","templated":true}]}}