{"id":3015,"date":"2025-06-22T14:21:57","date_gmt":"2025-06-22T14:21:57","guid":{"rendered":"https:\/\/loveeno.com\/?post_type=product&#038;p=3015"},"modified":"2025-06-22T14:21:57","modified_gmt":"2025-06-22T14:21:57","slug":"privatni-znacka-11-parfem-50ml","status":"publish","type":"product","link":"https:\/\/loveeno.com\/cs\/product\/privatni-znacka-11-parfem-50ml\/","title":{"rendered":"Priv\u00e1tn\u00ed zna\u010dka 1:1 Parf\u00e9m 50ml"},"content":{"rendered":"","protected":false},"excerpt":{"rendered":"","protected":false},"featured_media":3018,"comment_status":"open","ping_status":"closed","template":"","meta":{"_seopress_robots_primary_cat":"","_seopress_titles_title":"","_seopress_titles_desc":"","_seopress_robots_index":""},"product_brand":[],"product_cat":[213],"product_tag":[],"class_list":{"0":"post-3015","1":"product","2":"type-product","3":"status-publish","4":"has-post-thumbnail","6":"product_cat-perfumes-cologne","8":"first","9":"instock","10":"shipping-taxable","11":"product-type-simple"},"_links":{"self":[{"href":"https:\/\/loveeno.com\/cs\/wp-json\/wp\/v2\/product\/3015","targetHints":{"allow":["GET"]}}],"collection":[{"href":"https:\/\/loveeno.com\/cs\/wp-json\/wp\/v2\/product"}],"about":[{"href":"https:\/\/loveeno.com\/cs\/wp-json\/wp\/v2\/types\/product"}],"replies":[{"embeddable":true,"href":"https:\/\/loveeno.com\/cs\/wp-json\/wp\/v2\/comments?post=3015"}],"wp:featuredmedia":[{"embeddable":true,"href":"https:\/\/loveeno.com\/cs\/wp-json\/wp\/v2\/media\/3018"}],"wp:attachment":[{"href":"https:\/\/loveeno.com\/cs\/wp-json\/wp\/v2\/media?parent=3015"}],"wp:term":[{"taxonomy":"product_brand","embeddable":true,"href":"https:\/\/loveeno.com\/cs\/wp-json\/wp\/v2\/product_brand?post=3015"},{"taxonomy":"product_cat","embeddable":true,"href":"https:\/\/loveeno.com\/cs\/wp-json\/wp\/v2\/product_cat?post=3015"},{"taxonomy":"product_tag","embeddable":true,"href":"https:\/\/loveeno.com\/cs\/wp-json\/wp\/v2\/product_tag?post=3015"}],"curies":[{"name":"wp","href":"https:\/\/api.w.org\/{rel}","templated":true}]}}