{"id":3037,"date":"2025-06-22T14:31:45","date_gmt":"2025-06-22T14:31:45","guid":{"rendered":"https:\/\/loveeno.com\/?post_type=product&#038;p=3037"},"modified":"2025-06-22T14:31:52","modified_gmt":"2025-06-22T14:31:52","slug":"dodavatel-oem-parfemu-kvetinove-vune-parfemu","status":"publish","type":"product","link":"https:\/\/loveeno.com\/cs\/product\/dodavatel-oem-parfemu-kvetinove-vune-parfemu\/","title":{"rendered":"Dodavatel parf\u00e9m\u016f OEM Kv\u011btinov\u00e1 v\u016fn\u011b Parf\u00e9m"},"content":{"rendered":"","protected":false},"excerpt":{"rendered":"","protected":false},"featured_media":3040,"comment_status":"open","ping_status":"closed","template":"","meta":{"_seopress_robots_primary_cat":"none","_seopress_titles_title":"","_seopress_titles_desc":"","_seopress_robots_index":""},"product_brand":[],"product_cat":[213],"product_tag":[],"class_list":{"0":"post-3037","1":"product","2":"type-product","3":"status-publish","4":"has-post-thumbnail","6":"product_cat-perfumes-cologne","8":"first","9":"instock","10":"shipping-taxable","11":"product-type-simple"},"_links":{"self":[{"href":"https:\/\/loveeno.com\/cs\/wp-json\/wp\/v2\/product\/3037","targetHints":{"allow":["GET"]}}],"collection":[{"href":"https:\/\/loveeno.com\/cs\/wp-json\/wp\/v2\/product"}],"about":[{"href":"https:\/\/loveeno.com\/cs\/wp-json\/wp\/v2\/types\/product"}],"replies":[{"embeddable":true,"href":"https:\/\/loveeno.com\/cs\/wp-json\/wp\/v2\/comments?post=3037"}],"wp:featuredmedia":[{"embeddable":true,"href":"https:\/\/loveeno.com\/cs\/wp-json\/wp\/v2\/media\/3040"}],"wp:attachment":[{"href":"https:\/\/loveeno.com\/cs\/wp-json\/wp\/v2\/media?parent=3037"}],"wp:term":[{"taxonomy":"product_brand","embeddable":true,"href":"https:\/\/loveeno.com\/cs\/wp-json\/wp\/v2\/product_brand?post=3037"},{"taxonomy":"product_cat","embeddable":true,"href":"https:\/\/loveeno.com\/cs\/wp-json\/wp\/v2\/product_cat?post=3037"},{"taxonomy":"product_tag","embeddable":true,"href":"https:\/\/loveeno.com\/cs\/wp-json\/wp\/v2\/product_tag?post=3037"}],"curies":[{"name":"wp","href":"https:\/\/api.w.org\/{rel}","templated":true}]}}