{"id":4821,"date":"2025-11-07T05:37:52","date_gmt":"2025-11-07T05:37:52","guid":{"rendered":"https:\/\/loveeno.com\/?post_type=product&#038;p=4821"},"modified":"2025-11-07T07:26:18","modified_gmt":"2025-11-07T07:26:18","slug":"recyklovatelny-8ml-dreveny-visek-zavesny-difuzer-do-auta","status":"publish","type":"product","link":"https:\/\/loveeno.com\/cs\/product\/recyklovatelny-8ml-dreveny-visek-zavesny-difuzer-do-auta\/","title":{"rendered":"Recyklovateln\u00fd 8ml zav\u011b\u0161en\u00fd difuz\u00e9r do auta s d\u0159ev\u011bn\u00fdmi v\u00ed\u010dky\u00a0"},"content":{"rendered":"","protected":false},"excerpt":{"rendered":"","protected":false},"featured_media":4824,"comment_status":"open","ping_status":"closed","template":"","meta":{"_seopress_robots_primary_cat":"","_seopress_titles_title":"","_seopress_titles_desc":"","_seopress_robots_index":""},"product_brand":[],"product_cat":[40],"product_tag":[],"class_list":{"0":"post-4821","1":"product","2":"type-product","3":"status-publish","4":"has-post-thumbnail","6":"product_cat-car-air-freshener","8":"first","9":"instock","10":"shipping-taxable","11":"product-type-simple"},"_links":{"self":[{"href":"https:\/\/loveeno.com\/cs\/wp-json\/wp\/v2\/product\/4821","targetHints":{"allow":["GET"]}}],"collection":[{"href":"https:\/\/loveeno.com\/cs\/wp-json\/wp\/v2\/product"}],"about":[{"href":"https:\/\/loveeno.com\/cs\/wp-json\/wp\/v2\/types\/product"}],"replies":[{"embeddable":true,"href":"https:\/\/loveeno.com\/cs\/wp-json\/wp\/v2\/comments?post=4821"}],"wp:featuredmedia":[{"embeddable":true,"href":"https:\/\/loveeno.com\/cs\/wp-json\/wp\/v2\/media\/4824"}],"wp:attachment":[{"href":"https:\/\/loveeno.com\/cs\/wp-json\/wp\/v2\/media?parent=4821"}],"wp:term":[{"taxonomy":"product_brand","embeddable":true,"href":"https:\/\/loveeno.com\/cs\/wp-json\/wp\/v2\/product_brand?post=4821"},{"taxonomy":"product_cat","embeddable":true,"href":"https:\/\/loveeno.com\/cs\/wp-json\/wp\/v2\/product_cat?post=4821"},{"taxonomy":"product_tag","embeddable":true,"href":"https:\/\/loveeno.com\/cs\/wp-json\/wp\/v2\/product_tag?post=4821"}],"curies":[{"name":"wp","href":"https:\/\/api.w.org\/{rel}","templated":true}]}}