{"id":4825,"date":"2025-11-07T07:16:04","date_gmt":"2025-11-07T07:16:04","guid":{"rendered":"https:\/\/loveeno.com\/?post_type=product&#038;p=4825"},"modified":"2025-11-07T07:19:13","modified_gmt":"2025-11-07T07:19:13","slug":"8ml-cerna-polygonova-sklenena-lahev-s-miniaturnim-drevenym-uzaverem-vonavka-do-auta","status":"publish","type":"product","link":"https:\/\/loveeno.com\/cs\/product\/8ml-cerna-polygonova-sklenena-lahev-s-miniaturnim-drevenym-uzaverem-vonavka-do-auta\/","title":{"rendered":"8\/10ml \u010cern\u00e1 polygonov\u00e1 sklen\u011bn\u00e1 l\u00e1hev s miniaturn\u00edm d\u0159ev\u011bn\u00fdm uz\u00e1v\u011brem \u2013 osv\u011b\u017eova\u010d vzduchu do auta"},"content":{"rendered":"","protected":false},"excerpt":{"rendered":"","protected":false},"featured_media":4828,"comment_status":"open","ping_status":"closed","template":"","meta":{"_seopress_robots_primary_cat":"","_seopress_titles_title":"","_seopress_titles_desc":"","_seopress_robots_index":""},"product_brand":[],"product_cat":[40],"product_tag":[],"class_list":{"0":"post-4825","1":"product","2":"type-product","3":"status-publish","4":"has-post-thumbnail","6":"product_cat-car-air-freshener","8":"first","9":"instock","10":"shipping-taxable","11":"product-type-simple"},"_links":{"self":[{"href":"https:\/\/loveeno.com\/cs\/wp-json\/wp\/v2\/product\/4825","targetHints":{"allow":["GET"]}}],"collection":[{"href":"https:\/\/loveeno.com\/cs\/wp-json\/wp\/v2\/product"}],"about":[{"href":"https:\/\/loveeno.com\/cs\/wp-json\/wp\/v2\/types\/product"}],"replies":[{"embeddable":true,"href":"https:\/\/loveeno.com\/cs\/wp-json\/wp\/v2\/comments?post=4825"}],"wp:featuredmedia":[{"embeddable":true,"href":"https:\/\/loveeno.com\/cs\/wp-json\/wp\/v2\/media\/4828"}],"wp:attachment":[{"href":"https:\/\/loveeno.com\/cs\/wp-json\/wp\/v2\/media?parent=4825"}],"wp:term":[{"taxonomy":"product_brand","embeddable":true,"href":"https:\/\/loveeno.com\/cs\/wp-json\/wp\/v2\/product_brand?post=4825"},{"taxonomy":"product_cat","embeddable":true,"href":"https:\/\/loveeno.com\/cs\/wp-json\/wp\/v2\/product_cat?post=4825"},{"taxonomy":"product_tag","embeddable":true,"href":"https:\/\/loveeno.com\/cs\/wp-json\/wp\/v2\/product_tag?post=4825"}],"curies":[{"name":"wp","href":"https:\/\/api.w.org\/{rel}","templated":true}]}}