{"id":4381,"date":"2025-09-01T23:53:06","date_gmt":"2025-09-01T23:53:06","guid":{"rendered":"https:\/\/loveeno.com\/?post_type=product&#038;p=4381"},"modified":"2025-09-02T00:54:09","modified_gmt":"2025-09-02T00:54:09","slug":"diffuseur-daromes-de-voiture-sous-marque-de-distributeur","status":"publish","type":"product","link":"https:\/\/loveeno.com\/fr\/product\/diffuseur-daromes-de-voiture-sous-marque-de-distributeur\/","title":{"rendered":"Diffuseur d'ar\u00f4mes de voiture \u00e0 marque priv\u00e9e"},"content":{"rendered":"","protected":false},"excerpt":{"rendered":"","protected":false},"featured_media":4385,"comment_status":"open","ping_status":"closed","template":"","meta":{"_seopress_robots_primary_cat":"none","_seopress_titles_title":"","_seopress_titles_desc":"","_seopress_robots_index":""},"product_brand":[],"product_cat":[40],"product_tag":[],"class_list":{"0":"post-4381","1":"product","2":"type-product","3":"status-publish","4":"has-post-thumbnail","6":"product_cat-car-air-freshener","8":"first","9":"instock","10":"shipping-taxable","11":"product-type-simple"},"_links":{"self":[{"href":"https:\/\/loveeno.com\/fr\/wp-json\/wp\/v2\/product\/4381","targetHints":{"allow":["GET"]}}],"collection":[{"href":"https:\/\/loveeno.com\/fr\/wp-json\/wp\/v2\/product"}],"about":[{"href":"https:\/\/loveeno.com\/fr\/wp-json\/wp\/v2\/types\/product"}],"replies":[{"embeddable":true,"href":"https:\/\/loveeno.com\/fr\/wp-json\/wp\/v2\/comments?post=4381"}],"wp:featuredmedia":[{"embeddable":true,"href":"https:\/\/loveeno.com\/fr\/wp-json\/wp\/v2\/media\/4385"}],"wp:attachment":[{"href":"https:\/\/loveeno.com\/fr\/wp-json\/wp\/v2\/media?parent=4381"}],"wp:term":[{"taxonomy":"product_brand","embeddable":true,"href":"https:\/\/loveeno.com\/fr\/wp-json\/wp\/v2\/product_brand?post=4381"},{"taxonomy":"product_cat","embeddable":true,"href":"https:\/\/loveeno.com\/fr\/wp-json\/wp\/v2\/product_cat?post=4381"},{"taxonomy":"product_tag","embeddable":true,"href":"https:\/\/loveeno.com\/fr\/wp-json\/wp\/v2\/product_tag?post=4381"}],"curies":[{"name":"wp","href":"https:\/\/api.w.org\/{rel}","templated":true}]}}