{"id":1692,"date":"2025-05-18T00:13:43","date_gmt":"2025-05-18T00:13:43","guid":{"rendered":"https:\/\/loveeno.com\/?post_type=product&#038;p=1692"},"modified":"2025-05-18T00:44:50","modified_gmt":"2025-05-18T00:44:50","slug":"religijna-modlitwa-zestaw-swiec-do-aromaterapii","status":"publish","type":"product","link":"https:\/\/loveeno.com\/pl\/product\/religijna-modlitwa-zestaw-swiec-do-aromaterapii\/","title":{"rendered":"Zestaw \u015bwiec do aromaterapii z modlitw\u0105 religijn\u0105"},"content":{"rendered":"","protected":false},"excerpt":{"rendered":"","protected":false},"featured_media":1717,"comment_status":"open","ping_status":"closed","template":"","meta":{"_seopress_robots_primary_cat":"","_seopress_titles_title":"","_seopress_titles_desc":"","_seopress_robots_index":""},"product_brand":[],"product_cat":[37],"product_tag":[],"class_list":{"0":"post-1692","1":"product","2":"type-product","3":"status-publish","4":"has-post-thumbnail","6":"product_cat-aroma-gift-set","8":"first","9":"instock","10":"shipping-taxable","11":"product-type-simple"},"_links":{"self":[{"href":"https:\/\/loveeno.com\/pl\/wp-json\/wp\/v2\/product\/1692","targetHints":{"allow":["GET"]}}],"collection":[{"href":"https:\/\/loveeno.com\/pl\/wp-json\/wp\/v2\/product"}],"about":[{"href":"https:\/\/loveeno.com\/pl\/wp-json\/wp\/v2\/types\/product"}],"replies":[{"embeddable":true,"href":"https:\/\/loveeno.com\/pl\/wp-json\/wp\/v2\/comments?post=1692"}],"wp:featuredmedia":[{"embeddable":true,"href":"https:\/\/loveeno.com\/pl\/wp-json\/wp\/v2\/media\/1717"}],"wp:attachment":[{"href":"https:\/\/loveeno.com\/pl\/wp-json\/wp\/v2\/media?parent=1692"}],"wp:term":[{"taxonomy":"product_brand","embeddable":true,"href":"https:\/\/loveeno.com\/pl\/wp-json\/wp\/v2\/product_brand?post=1692"},{"taxonomy":"product_cat","embeddable":true,"href":"https:\/\/loveeno.com\/pl\/wp-json\/wp\/v2\/product_cat?post=1692"},{"taxonomy":"product_tag","embeddable":true,"href":"https:\/\/loveeno.com\/pl\/wp-json\/wp\/v2\/product_tag?post=1692"}],"curies":[{"name":"wp","href":"https:\/\/api.w.org\/{rel}","templated":true}]}}