{"id":4375,"date":"2025-09-01T23:48:32","date_gmt":"2025-09-01T23:48:32","guid":{"rendered":"https:\/\/loveeno.com\/?post_type=product&#038;p=4375"},"modified":"2025-09-01T23:49:17","modified_gmt":"2025-09-01T23:49:17","slug":"odswiezacz-powietrza-z-olejkiem-aromatycznym-o-pojemnosci-5-ml-do-zawieszenia-w-samochodzie","status":"publish","type":"product","link":"https:\/\/loveeno.com\/pl\/product\/odswiezacz-powietrza-z-olejkiem-aromatycznym-o-pojemnosci-5-ml-do-zawieszenia-w-samochodzie\/","title":{"rendered":"\u00a0Od\u015bwie\u017cacz powietrza z olejkiem aromatycznym w szklanej buteleczce o pojemno\u015bci 5 ml"},"content":{"rendered":"","protected":false},"excerpt":{"rendered":"","protected":false},"featured_media":4365,"comment_status":"open","ping_status":"closed","template":"","meta":{"_seopress_robots_primary_cat":"none","_seopress_titles_title":"","_seopress_titles_desc":"","_seopress_robots_index":""},"product_brand":[],"product_cat":[40],"product_tag":[],"class_list":{"0":"post-4375","1":"product","2":"type-product","3":"status-publish","4":"has-post-thumbnail","6":"product_cat-car-air-freshener","8":"first","9":"instock","10":"shipping-taxable","11":"product-type-simple"},"_links":{"self":[{"href":"https:\/\/loveeno.com\/pl\/wp-json\/wp\/v2\/product\/4375","targetHints":{"allow":["GET"]}}],"collection":[{"href":"https:\/\/loveeno.com\/pl\/wp-json\/wp\/v2\/product"}],"about":[{"href":"https:\/\/loveeno.com\/pl\/wp-json\/wp\/v2\/types\/product"}],"replies":[{"embeddable":true,"href":"https:\/\/loveeno.com\/pl\/wp-json\/wp\/v2\/comments?post=4375"}],"wp:featuredmedia":[{"embeddable":true,"href":"https:\/\/loveeno.com\/pl\/wp-json\/wp\/v2\/media\/4365"}],"wp:attachment":[{"href":"https:\/\/loveeno.com\/pl\/wp-json\/wp\/v2\/media?parent=4375"}],"wp:term":[{"taxonomy":"product_brand","embeddable":true,"href":"https:\/\/loveeno.com\/pl\/wp-json\/wp\/v2\/product_brand?post=4375"},{"taxonomy":"product_cat","embeddable":true,"href":"https:\/\/loveeno.com\/pl\/wp-json\/wp\/v2\/product_cat?post=4375"},{"taxonomy":"product_tag","embeddable":true,"href":"https:\/\/loveeno.com\/pl\/wp-json\/wp\/v2\/product_tag?post=4375"}],"curies":[{"name":"wp","href":"https:\/\/api.w.org\/{rel}","templated":true}]}}