{"id":1711,"date":"2025-05-18T00:34:55","date_gmt":"2025-05-18T00:34:55","guid":{"rendered":"https:\/\/loveeno.com\/?post_type=product&#038;p=1711"},"modified":"2025-05-18T00:34:56","modified_gmt":"2025-05-18T00:34:56","slug":"oleo-essencial-de-fragrancia-para-aromaterapia-biologica","status":"publish","type":"product","link":"https:\/\/loveeno.com\/pt\/product\/oleo-essencial-de-fragrancia-para-aromaterapia-biologica\/","title":{"rendered":"\u00d3leo essencial de fragr\u00e2ncia para aromaterapia org\u00e2nica"},"content":{"rendered":"","protected":false},"excerpt":{"rendered":"","protected":false},"featured_media":1712,"comment_status":"open","ping_status":"closed","template":"","meta":{"_seopress_robots_primary_cat":"","_seopress_titles_title":"","_seopress_titles_desc":"","_seopress_robots_index":""},"product_brand":[],"product_cat":[42],"product_tag":[],"class_list":{"0":"post-1711","1":"product","2":"type-product","3":"status-publish","4":"has-post-thumbnail","6":"product_cat-essential-oils","8":"first","9":"instock","10":"shipping-taxable","11":"product-type-simple"},"_links":{"self":[{"href":"https:\/\/loveeno.com\/pt\/wp-json\/wp\/v2\/product\/1711","targetHints":{"allow":["GET"]}}],"collection":[{"href":"https:\/\/loveeno.com\/pt\/wp-json\/wp\/v2\/product"}],"about":[{"href":"https:\/\/loveeno.com\/pt\/wp-json\/wp\/v2\/types\/product"}],"replies":[{"embeddable":true,"href":"https:\/\/loveeno.com\/pt\/wp-json\/wp\/v2\/comments?post=1711"}],"wp:featuredmedia":[{"embeddable":true,"href":"https:\/\/loveeno.com\/pt\/wp-json\/wp\/v2\/media\/1712"}],"wp:attachment":[{"href":"https:\/\/loveeno.com\/pt\/wp-json\/wp\/v2\/media?parent=1711"}],"wp:term":[{"taxonomy":"product_brand","embeddable":true,"href":"https:\/\/loveeno.com\/pt\/wp-json\/wp\/v2\/product_brand?post=1711"},{"taxonomy":"product_cat","embeddable":true,"href":"https:\/\/loveeno.com\/pt\/wp-json\/wp\/v2\/product_cat?post=1711"},{"taxonomy":"product_tag","embeddable":true,"href":"https:\/\/loveeno.com\/pt\/wp-json\/wp\/v2\/product_tag?post=1711"}],"curies":[{"name":"wp","href":"https:\/\/api.w.org\/{rel}","templated":true}]}}